{"id":13,"date":"2025-05-03T07:00:34","date_gmt":"2025-05-03T07:00:34","guid":{"rendered":"https:\/\/ghwservices.com\/?page_id=13"},"modified":"2026-03-25T19:49:46","modified_gmt":"2026-03-26T01:49:46","slug":"acerca-de","status":"publish","type":"page","link":"https:\/\/dissacorp.com\/index.php\/acerca-de\/","title":{"rendered":"Servicios"},"content":{"rendered":"\n<p><s>En <strong>God Hands Workshop<\/strong> tenemos la mejor opci\u00f3n para t\u00ed.<\/s><\/p>\n\n\n\n<p><s>Somos una Empresa creada para dar soluciones tecnol\u00f3gicas a las necesidades tanto como para ti como a tu empresa, en el \u00e1mbito tecnol\u00f3gico, ya sea en Software y Hadware.<br>Trabajamos d\u00eda a d\u00eda para poder tener a tu alcance los mayores beneficios de todas las marcas para tus necesidades, \u00e9sto con las mejores marcas para t\u00ed, tus necesidades y tu empresa.<\/s><\/p>\n\n\n\n<p><\/p>\n\n\n\n<p><\/p>\n\n\n<div class=\"wp-block-image\">\n<figure class=\"aligncenter size-full is-resized\"><img loading=\"lazy\" decoding=\"async\" width=\"1280\" height=\"960\" src=\"https:\/\/dissacorp.com\/wp-content\/uploads\/2026\/03\/WhatsApp-Image-2026-03-25-at-6.35.47-PM-3.jpeg\" alt=\"\" class=\"wp-image-367\" style=\"width:628px;height:auto\" srcset=\"https:\/\/dissacorp.com\/wp-content\/uploads\/2026\/03\/WhatsApp-Image-2026-03-25-at-6.35.47-PM-3.jpeg 1280w, https:\/\/dissacorp.com\/wp-content\/uploads\/2026\/03\/WhatsApp-Image-2026-03-25-at-6.35.47-PM-3-300x225.jpeg 300w, https:\/\/dissacorp.com\/wp-content\/uploads\/2026\/03\/WhatsApp-Image-2026-03-25-at-6.35.47-PM-3-1024x768.jpeg 1024w, https:\/\/dissacorp.com\/wp-content\/uploads\/2026\/03\/WhatsApp-Image-2026-03-25-at-6.35.47-PM-3-768x576.jpeg 768w\" sizes=\"auto, (max-width: 1280px) 100vw, 1280px\" \/><\/figure>\n<\/div>\n\n\n<div class=\"wp-block-group is-nowrap is-layout-flex wp-container-core-group-is-layout-ad2f72ca wp-block-group-is-layout-flex\">\n<p><s>EN GHW Services contamos con el mejor personal para la instalaci\u00f3n de equipo de seguridad <strong>( CCTV, Control de Acceso, Cercas ectrificadas) <\/strong>en casa habitaci\u00f3n, empresa y centro de mando; Todo el personal capacitado y certificado que est\u00e1 a tu disposici\u00f3n para cumplir con todas las necesidades y certificaciones de tu lugar de trabajo<\/s>.<br><\/p>\n\n\n\n<p><br><\/p>\n<\/div>\n\n\n<div class=\"wp-block-image\">\n<figure class=\"aligncenter size-full is-resized\"><img loading=\"lazy\" decoding=\"async\" width=\"450\" height=\"470\" src=\"https:\/\/dissacorp.com\/wp-content\/uploads\/2025\/05\/construccion.gif\" alt=\"\" class=\"wp-image-124\" style=\"width:623px;height:auto\"\/><\/figure>\n<\/div>\n\n<div class=\"wp-block-image\">\n<figure class=\"aligncenter size-full is-resized\"><img loading=\"lazy\" decoding=\"async\" width=\"750\" height=\"489\" src=\"https:\/\/dissacorp.com\/wp-content\/uploads\/2025\/05\/construccion-1-1.jpg\" alt=\"\" class=\"wp-image-97\" style=\"width:623px;height:auto\" srcset=\"https:\/\/dissacorp.com\/wp-content\/uploads\/2025\/05\/construccion-1-1.jpg 750w, https:\/\/dissacorp.com\/wp-content\/uploads\/2025\/05\/construccion-1-1-300x196.jpg 300w\" sizes=\"auto, (max-width: 750px) 100vw, 750px\" \/><\/figure>\n<\/div>\n\n\n<p><br><br><strong><s>CiberSeguridad<\/s><\/strong><br><s>Todo para Garantizar la seguridad desde tu informaci\u00f3n hasta la infraestructura del puesto de trabajo<\/s>.<\/p>\n\n\n\n<p><s>Cubrimos las necesidades para que trabajes sin preocupaci\u00f3n alguna y de la manera mas \u00f3ptima.<\/s><br><\/p>\n\n\n<div class=\"wp-block-image\">\n<figure class=\"aligncenter size-full is-resized\"><img loading=\"lazy\" decoding=\"async\" width=\"2048\" height=\"1152\" src=\"https:\/\/dissacorp.com\/wp-content\/uploads\/2026\/03\/637022579_915391187703635_8860073270261268721_n.jpg\" alt=\"\" class=\"wp-image-291\" style=\"width:629px;height:auto\" srcset=\"https:\/\/dissacorp.com\/wp-content\/uploads\/2026\/03\/637022579_915391187703635_8860073270261268721_n.jpg 2048w, https:\/\/dissacorp.com\/wp-content\/uploads\/2026\/03\/637022579_915391187703635_8860073270261268721_n-300x169.jpg 300w, https:\/\/dissacorp.com\/wp-content\/uploads\/2026\/03\/637022579_915391187703635_8860073270261268721_n-1024x576.jpg 1024w, https:\/\/dissacorp.com\/wp-content\/uploads\/2026\/03\/637022579_915391187703635_8860073270261268721_n-768x432.jpg 768w, https:\/\/dissacorp.com\/wp-content\/uploads\/2026\/03\/637022579_915391187703635_8860073270261268721_n-1536x864.jpg 1536w\" sizes=\"auto, (max-width: 2048px) 100vw, 2048px\" \/><\/figure>\n<\/div>\n\n\n<p class=\"has-medium-font-size\"><strong><s>DISE\u00d1O WEB<\/s><\/strong><\/p>\n\n\n\n<p><s>Todo para posicionarte en al RED, desde el Dominio y Hosting, CPANEL, hasta el mantenimiento de tu sitio, correos electr\u00f3nicos @tuempresa.com ,administraci\u00f3n y m\u00e9trica de datos adaptativos a tus necesdades.<br>Nos encargamos de sitios web desde todo tipo de dispositivos; ordenadores, tabletas y\u00a0tel\u00e9fonos, por lo que, cada vez m\u00e1s, nos surge la necesidad de que nuestra p\u00e1gina o portal web se adapte a los diferentes tama\u00f1os de los mismos y adem\u00e1s que sus\u00a0contenidos sean f\u00e1cilmente administrables.<\/s><\/p>\n\n\n<div class=\"wp-block-image\">\n<figure class=\"aligncenter size-large is-resized\"><img loading=\"lazy\" decoding=\"async\" width=\"768\" height=\"1024\" src=\"https:\/\/dissacorp.com\/wp-content\/uploads\/2026\/03\/WhatsApp-Image-2026-03-25-at-6.43.05-PM-1-768x1024.jpeg\" alt=\"\" class=\"wp-image-371\" style=\"width:644px;height:auto\" srcset=\"https:\/\/dissacorp.com\/wp-content\/uploads\/2026\/03\/WhatsApp-Image-2026-03-25-at-6.43.05-PM-1-768x1024.jpeg 768w, https:\/\/dissacorp.com\/wp-content\/uploads\/2026\/03\/WhatsApp-Image-2026-03-25-at-6.43.05-PM-1-225x300.jpeg 225w, https:\/\/dissacorp.com\/wp-content\/uploads\/2026\/03\/WhatsApp-Image-2026-03-25-at-6.43.05-PM-1.jpeg 960w\" sizes=\"auto, (max-width: 768px) 100vw, 768px\" \/><\/figure>\n<\/div>","protected":false},"excerpt":{"rendered":"<p>En God Hands Workshop tenemos la mejor opci\u00f3n para t\u00ed. Somos una Empresa creada para dar soluciones tecnol\u00f3gicas a las necesidades tanto como para ti como a tu empresa, en el \u00e1mbito tecnol\u00f3gico, ya sea en Software y Hadware.Trabajamos d\u00eda a d\u00eda para poder tener a tu alcance los mayores beneficios de todas las marcas [&hellip;]<\/p>\n","protected":false},"author":1,"featured_media":0,"parent":0,"menu_order":0,"comment_status":"closed","ping_status":"closed","template":"","meta":{"_joinchat":[],"footnotes":""},"class_list":["post-13","page","type-page","status-publish","hentry"],"_links":{"self":[{"href":"https:\/\/dissacorp.com\/index.php\/wp-json\/wp\/v2\/pages\/13","targetHints":{"allow":["GET"]}}],"collection":[{"href":"https:\/\/dissacorp.com\/index.php\/wp-json\/wp\/v2\/pages"}],"about":[{"href":"https:\/\/dissacorp.com\/index.php\/wp-json\/wp\/v2\/types\/page"}],"author":[{"embeddable":true,"href":"https:\/\/dissacorp.com\/index.php\/wp-json\/wp\/v2\/users\/1"}],"replies":[{"embeddable":true,"href":"https:\/\/dissacorp.com\/index.php\/wp-json\/wp\/v2\/comments?post=13"}],"version-history":[{"count":26,"href":"https:\/\/dissacorp.com\/index.php\/wp-json\/wp\/v2\/pages\/13\/revisions"}],"predecessor-version":[{"id":386,"href":"https:\/\/dissacorp.com\/index.php\/wp-json\/wp\/v2\/pages\/13\/revisions\/386"}],"wp:attachment":[{"href":"https:\/\/dissacorp.com\/index.php\/wp-json\/wp\/v2\/media?parent=13"}],"curies":[{"name":"wp","href":"https:\/\/api.w.org\/{rel}","templated":true}]}}