{"id":14,"date":"2025-05-03T07:00:34","date_gmt":"2025-05-03T07:00:34","guid":{"rendered":"https:\/\/ghwservices.com\/?page_id=14"},"modified":"2026-03-26T16:23:28","modified_gmt":"2026-03-26T22:23:28","slug":"privacy-policy","status":"publish","type":"page","link":"https:\/\/dissacorp.com\/index.php\/privacy-policy\/","title":{"rendered":"Contacto"},"content":{"rendered":"\n<p class=\"has-luminous-vivid-orange-background-color has-background\"><strong>Estamos para servirte, ya sea directamente por llamada, por correo o por mensaje.<\/strong><\/p>\n\n\n\n<p><\/p>\n\n\n\n<p><strong>Atn. Secretaria Ver\u00f3nica Nu\u00f1ez<\/strong><br><strong>Tel\u00e9fono de oficina: 55 5512 8940<\/strong><br><strong>Horario<\/strong>:<br><strong>Martes, mi\u00e9rcoles, jueves y viernes de 10 a 17h Y S\u00e1bado y lunes de 10 a 14h.<\/strong><br><br><strong>contacto@lasantaveracruzcdmx.com.mx<\/strong><br><br><\/p>\n\n\n\n<p><\/p>\n\n\n\n<p><\/p>\n\n\n\n<p><\/p>\n","protected":false},"excerpt":{"rendered":"<p>Estamos para servirte, ya sea directamente por llamada, por correo o por mensaje. Atn. Secretaria Ver\u00f3nica Nu\u00f1ezTel\u00e9fono de oficina: 55 5512 8940Horario:Martes, mi\u00e9rcoles, jueves y viernes de 10 a 17h Y S\u00e1bado y lunes de 10 a 14h. contacto@lasantaveracruzcdmx.com.mx<\/p>\n","protected":false},"author":1,"featured_media":0,"parent":0,"menu_order":0,"comment_status":"open","ping_status":"closed","template":"","meta":{"_joinchat":[],"footnotes":""},"class_list":["post-14","page","type-page","status-publish","hentry"],"_links":{"self":[{"href":"https:\/\/dissacorp.com\/index.php\/wp-json\/wp\/v2\/pages\/14","targetHints":{"allow":["GET"]}}],"collection":[{"href":"https:\/\/dissacorp.com\/index.php\/wp-json\/wp\/v2\/pages"}],"about":[{"href":"https:\/\/dissacorp.com\/index.php\/wp-json\/wp\/v2\/types\/page"}],"author":[{"embeddable":true,"href":"https:\/\/dissacorp.com\/index.php\/wp-json\/wp\/v2\/users\/1"}],"replies":[{"embeddable":true,"href":"https:\/\/dissacorp.com\/index.php\/wp-json\/wp\/v2\/comments?post=14"}],"version-history":[{"count":21,"href":"https:\/\/dissacorp.com\/index.php\/wp-json\/wp\/v2\/pages\/14\/revisions"}],"predecessor-version":[{"id":400,"href":"https:\/\/dissacorp.com\/index.php\/wp-json\/wp\/v2\/pages\/14\/revisions\/400"}],"wp:attachment":[{"href":"https:\/\/dissacorp.com\/index.php\/wp-json\/wp\/v2\/media?parent=14"}],"curies":[{"name":"wp","href":"https:\/\/api.w.org\/{rel}","templated":true}]}}