{"id":3,"date":"2025-05-03T00:50:00","date_gmt":"2025-05-03T00:50:00","guid":{"rendered":"https:\/\/ghwservices.com\/?page_id=3"},"modified":"2026-03-26T16:26:19","modified_gmt":"2026-03-26T22:26:19","slug":"remodelacion","status":"publish","type":"page","link":"https:\/\/dissacorp.com\/index.php\/remodelacion\/","title":{"rendered":"REMODELACI\u00d3N"},"content":{"rendered":"\n<h2 class=\"wp-block-heading\">La remodelaci\u00f3n fue tanto interna como externa<\/h2>\n\n\n\n<p class=\"has-text-align-left\"><strong>Los trabajos duraron un par de a\u00f1os pero finalmente tenemos nuestro templo completamente restaurado tanto por las partes exteriores, superioreres e interiores.<\/strong><\/p>\n\n\n<div class=\"wp-block-image\">\n<figure class=\"aligncenter size-large is-resized\"><img loading=\"lazy\" decoding=\"async\" width=\"768\" height=\"1024\" src=\"https:\/\/dissacorp.com\/wp-content\/uploads\/2026\/03\/572243100_830682176174537_913294446612098052_n-768x1024.jpg\" alt=\"\" class=\"wp-image-268\" style=\"width:782px;height:auto\" srcset=\"https:\/\/dissacorp.com\/wp-content\/uploads\/2026\/03\/572243100_830682176174537_913294446612098052_n-768x1024.jpg 768w, https:\/\/dissacorp.com\/wp-content\/uploads\/2026\/03\/572243100_830682176174537_913294446612098052_n-225x300.jpg 225w, https:\/\/dissacorp.com\/wp-content\/uploads\/2026\/03\/572243100_830682176174537_913294446612098052_n-1152x1536.jpg 1152w, https:\/\/dissacorp.com\/wp-content\/uploads\/2026\/03\/572243100_830682176174537_913294446612098052_n.jpg 1536w\" sizes=\"auto, (max-width: 768px) 100vw, 768px\" \/><\/figure>\n<\/div>\n\n\n<h2 class=\"wp-block-heading\" style=\"font-size:33px\">Superando todas las expectativas, aqui un ejemplo de la parte exterior donde tenemos la restauraci\u00f3n completa de nuestros templos.<\/h2>\n\n\n\n<figure class=\"wp-block-image size-large\"><img loading=\"lazy\" decoding=\"async\" width=\"768\" height=\"1024\" src=\"https:\/\/dissacorp.com\/wp-content\/uploads\/2026\/03\/WhatsApp-Image-2026-03-25-at-6.43.05-PM-768x1024.jpeg\" alt=\"\" class=\"wp-image-372\" srcset=\"https:\/\/dissacorp.com\/wp-content\/uploads\/2026\/03\/WhatsApp-Image-2026-03-25-at-6.43.05-PM-768x1024.jpeg 768w, https:\/\/dissacorp.com\/wp-content\/uploads\/2026\/03\/WhatsApp-Image-2026-03-25-at-6.43.05-PM-225x300.jpeg 225w, https:\/\/dissacorp.com\/wp-content\/uploads\/2026\/03\/WhatsApp-Image-2026-03-25-at-6.43.05-PM.jpeg 960w\" sizes=\"auto, (max-width: 768px) 100vw, 768px\" \/><\/figure>\n\n\n\n<figure class=\"wp-block-image size-large\"><img loading=\"lazy\" decoding=\"async\" width=\"768\" height=\"1024\" src=\"https:\/\/dissacorp.com\/wp-content\/uploads\/2026\/03\/571259544_830682122841209_2769480555553949199_n-768x1024.jpg\" alt=\"\" class=\"wp-image-269\" srcset=\"https:\/\/dissacorp.com\/wp-content\/uploads\/2026\/03\/571259544_830682122841209_2769480555553949199_n-768x1024.jpg 768w, https:\/\/dissacorp.com\/wp-content\/uploads\/2026\/03\/571259544_830682122841209_2769480555553949199_n-225x300.jpg 225w, https:\/\/dissacorp.com\/wp-content\/uploads\/2026\/03\/571259544_830682122841209_2769480555553949199_n-1152x1536.jpg 1152w, https:\/\/dissacorp.com\/wp-content\/uploads\/2026\/03\/571259544_830682122841209_2769480555553949199_n.jpg 1536w\" sizes=\"auto, (max-width: 768px) 100vw, 768px\" \/><\/figure>\n\n\n\n<p><\/p>\n\n\n\n<h2 class=\"wp-block-heading\" style=\"font-size:33px\">Remodelaci\u00f3n exterior e interior.<\/h2>\n\n\n\n<figure class=\"wp-block-image size-large\"><img loading=\"lazy\" decoding=\"async\" width=\"768\" height=\"1024\" src=\"https:\/\/dissacorp.com\/wp-content\/uploads\/2026\/03\/WhatsApp-Image-2026-03-25-at-6.38.27-PM-768x1024.jpeg\" alt=\"\" class=\"wp-image-373\" srcset=\"https:\/\/dissacorp.com\/wp-content\/uploads\/2026\/03\/WhatsApp-Image-2026-03-25-at-6.38.27-PM-768x1024.jpeg 768w, https:\/\/dissacorp.com\/wp-content\/uploads\/2026\/03\/WhatsApp-Image-2026-03-25-at-6.38.27-PM-225x300.jpeg 225w, https:\/\/dissacorp.com\/wp-content\/uploads\/2026\/03\/WhatsApp-Image-2026-03-25-at-6.38.27-PM.jpeg 960w\" sizes=\"auto, (max-width: 768px) 100vw, 768px\" \/><\/figure>\n\n\n\n<h1 class=\"wp-block-heading has-medium-font-size\">Desp\u00faes de meses y un extenso trabajo a detalle, nuestra parroquia se encuentra tan hermosa como siempre.<\/h1>\n\n\n\n<p>Desp\u00faes de realizar los trabajos estructurales en conjunto con la Ciudad de M\u00e9xico y el INAH podemos de nueva manera volver a mostrar al p\u00fablico en general nuestra pintura y trabajo terminado.<\/p>\n\n\n<div class=\"wp-block-image\">\n<figure class=\"alignleft size-large is-resized\"><img loading=\"lazy\" decoding=\"async\" width=\"768\" height=\"1024\" src=\"https:\/\/dissacorp.com\/wp-content\/uploads\/2026\/03\/WhatsApp-Image-2026-03-25-at-6.35.43-PM-2-768x1024.jpeg\" alt=\"\" class=\"wp-image-364\" style=\"width:401px;height:auto\" srcset=\"https:\/\/dissacorp.com\/wp-content\/uploads\/2026\/03\/WhatsApp-Image-2026-03-25-at-6.35.43-PM-2-768x1024.jpeg 768w, https:\/\/dissacorp.com\/wp-content\/uploads\/2026\/03\/WhatsApp-Image-2026-03-25-at-6.35.43-PM-2-225x300.jpeg 225w, https:\/\/dissacorp.com\/wp-content\/uploads\/2026\/03\/WhatsApp-Image-2026-03-25-at-6.35.43-PM-2.jpeg 960w\" sizes=\"auto, (max-width: 768px) 100vw, 768px\" \/><\/figure>\n<\/div>\n\n\n<figure class=\"wp-block-image size-large is-resized\"><img loading=\"lazy\" decoding=\"async\" width=\"768\" height=\"1024\" src=\"https:\/\/dissacorp.com\/wp-content\/uploads\/2026\/03\/WhatsApp-Image-2026-03-25-at-3.10.16-PM-768x1024.jpeg\" alt=\"\" class=\"wp-image-362\" style=\"aspect-ratio:0.7500051308363264;width:397px;height:auto\" srcset=\"https:\/\/dissacorp.com\/wp-content\/uploads\/2026\/03\/WhatsApp-Image-2026-03-25-at-3.10.16-PM-768x1024.jpeg 768w, https:\/\/dissacorp.com\/wp-content\/uploads\/2026\/03\/WhatsApp-Image-2026-03-25-at-3.10.16-PM-225x300.jpeg 225w, https:\/\/dissacorp.com\/wp-content\/uploads\/2026\/03\/WhatsApp-Image-2026-03-25-at-3.10.16-PM.jpeg 960w\" sizes=\"auto, (max-width: 768px) 100vw, 768px\" \/><\/figure>\n","protected":false},"excerpt":{"rendered":"<p>La remodelaci\u00f3n fue tanto interna como externa Los trabajos duraron un par de a\u00f1os pero finalmente tenemos nuestro templo completamente restaurado tanto por las partes exteriores, superioreres e interiores. Superando todas las expectativas, aqui un ejemplo de la parte exterior donde tenemos la restauraci\u00f3n completa de nuestros templos. Remodelaci\u00f3n exterior e interior. Desp\u00faes de meses [&hellip;]<\/p>\n","protected":false},"author":1,"featured_media":0,"parent":0,"menu_order":0,"comment_status":"closed","ping_status":"closed","template":"","meta":{"_joinchat":[],"footnotes":""},"class_list":["post-3","page","type-page","status-publish","hentry"],"_links":{"self":[{"href":"https:\/\/dissacorp.com\/index.php\/wp-json\/wp\/v2\/pages\/3","targetHints":{"allow":["GET"]}}],"collection":[{"href":"https:\/\/dissacorp.com\/index.php\/wp-json\/wp\/v2\/pages"}],"about":[{"href":"https:\/\/dissacorp.com\/index.php\/wp-json\/wp\/v2\/types\/page"}],"author":[{"embeddable":true,"href":"https:\/\/dissacorp.com\/index.php\/wp-json\/wp\/v2\/users\/1"}],"replies":[{"embeddable":true,"href":"https:\/\/dissacorp.com\/index.php\/wp-json\/wp\/v2\/comments?post=3"}],"version-history":[{"count":19,"href":"https:\/\/dissacorp.com\/index.php\/wp-json\/wp\/v2\/pages\/3\/revisions"}],"predecessor-version":[{"id":405,"href":"https:\/\/dissacorp.com\/index.php\/wp-json\/wp\/v2\/pages\/3\/revisions\/405"}],"wp:attachment":[{"href":"https:\/\/dissacorp.com\/index.php\/wp-json\/wp\/v2\/media?parent=3"}],"curies":[{"name":"wp","href":"https:\/\/api.w.org\/{rel}","templated":true}]}}